{"id":1818,"date":"2016-02-23T09:44:27","date_gmt":"2016-02-23T08:44:27","guid":{"rendered":"http:\/\/www.ataspain.com\/es\/?page_id=1818"},"modified":"2020-12-04T20:39:33","modified_gmt":"2020-12-04T19:39:33","slug":"politica-de-privacidad","status":"publish","type":"page","link":"https:\/\/www.ataspain.com\/es\/politica-de-privacidad\/","title":{"rendered":"Pol\u00edtica de Privacidad"},"content":{"rendered":"<p>Esta pol\u00edtica de privacidad establece la manera en usos ATA Spain y protege cualquier informaci\u00f3n que usted da modales de medios cuando se utiliza este sitio web.<\/p>\n<p>ATA Spain se ha comprometido a garantizar que su privacidad est\u00e1 protegida. \u00bfHay que pedirle que proporcione cierta informaci\u00f3n que puede ser identificado al usar este sitio web, entonces usted puede estar seguro de que s\u00f3lo se utilizar\u00e1 de acuerdo con esta declaraci\u00f3n de privacidad.<\/p>\n<p>ATA Espa\u00f1a puede cambiar esta pol\u00edtica de vez en cuando al actualizar esta p\u00e1gina. Usted debe visitar esta p\u00e1gina de vez en cuando para asegurarse de que est\u00e1 satisfecho con los cambios. Esta pol\u00edtica es efectiva a partir de 1 de enero de 2016.<\/p>\n<p><strong>Lo que recogemos<\/strong><\/p>\n<p>Podemos recopilar la siguiente informaci\u00f3n:<\/p>\n<ul>\n<li>Nombre y cargo<\/li>\n<li>La informaci\u00f3n de contacto incluyendo direcci\u00f3n de correo electr\u00f3nico<\/li>\n<li>La informaci\u00f3n demogr\u00e1fica como c\u00f3digo postal, preferencias e intereses<\/li>\n<li>Otra informaci\u00f3n relevante para encuestas a clientes y \/ o ofertas<\/li>\n<\/ul>\n<p><strong>Qu\u00e9 hacemos con la informaci\u00f3n que recopilamos<\/strong><\/p>\n<p>Necesitamos esta informaci\u00f3n para entender sus necesidades y ofrecerle un mejor servicio, y en particular por las siguientes razones:<\/p>\n<ul>\n<li>Mantenimiento de registros internos.<\/li>\n<li>Podemos utilizar la informaci\u00f3n para mejorar nuestros productos y servicios.<\/li>\n<li>Podemos enviar correos electr\u00f3nicos promocionales sobre nuevos productos, ofertas especiales u otra informaci\u00f3n que pensamos que puede resultar interesante a la direcci\u00f3n de correo electr\u00f3nico que usted ha proporcionado.<\/li>\n<li>De vez en cuando, tambi\u00e9n podemos utilizar su informaci\u00f3n para contactarlo con fines de investigaci\u00f3n de mercado. Podemos comunicarnos con usted por correo electr\u00f3nico, tel\u00e9fono o correo. Podemos utilizarla informaci\u00f3n para personalizar el sitio web de acuerdo a sus intereses.<\/li>\n<\/ul>\n<p><strong>Seguridad<\/strong><\/p>\n<p>Estamos comprometidos a asegurar que su informaci\u00f3n est\u00e1 segura. Con el fin de evitar el acceso no autorizado o divulgaci\u00f3n, hemos puesto en marcha procedimientos f\u00edsicos, electr\u00f3nicos y administrativos apropiados para salvaguardar y asegurar la informaci\u00f3n que recopilamos en l\u00ednea.<\/p>\n<p><strong>C\u00f3mo utilizamos las cookies<\/strong><\/p>\n<p>Una cookie es un peque\u00f1o archivo que pide permiso para ser colocado en el disco duro de su ordenador. Una vez que usted est\u00e1 de acuerdo, el archivo se a\u00f1ade y la cookie ayuda a analizar el tr\u00e1fico web o le permite saber cuando visita un sitio en particular. Las cookies permiten que las aplicaciones web para responder a usted como individuo. La aplicaci\u00f3n web puede adaptar sus operaciones a sus necesidades, gustos y disgustos por reunir y recordar informaci\u00f3n sobre sus preferencias.<\/p>\n<p>Utilizamos cookies de registro de tr\u00e1fico para identificar qu\u00e9 p\u00e1ginas se est\u00e1n utilizando. Esto nos ayuda a analizar datos sobre el tr\u00e1fico web y mejorar nuestro sitio web con el fin de adaptarlo a las necesidades del cliente. S\u00f3lo utilizamos esta informaci\u00f3n para fines de an\u00e1lisis estad\u00edstico y luego los datos se eliminan del sistema.<\/p>\n<p>En general, las cookies nos ayudan a ofrecerle un mejor sitio web, que nos permite controlar las p\u00e1ginas que encuentra \u00fatiles y las que no lo hacen. Una cookie de ninguna manera nos da acceso a su computadora oa cualquier informaci\u00f3n sobre usted, excepto los datos que usted decida compartir con nosotros.<\/p>\n<p>Puede elegir entre aceptar o rechazar cookies. La mayor\u00eda de los navegadores web aceptan autom\u00e1ticamente las cookies, pero usted puede modificar la configuraci\u00f3n del explorador para rechazar cookies si lo prefiere. Esto puede evitar que usted tome ventaja de la p\u00e1gina web.<\/p>\n<p><strong>Los enlaces a otros sitios web<\/strong><\/p>\n<p>Nuestro sitio web puede contener enlaces a otros sitios de inter\u00e9s. Sin embargo, una vez que haya utilizado estos enlaces para salir de nuestro sitio, debe tener en cuenta que no tenemos ning\u00fan control sobre ese otro sitio web. Por lo tanto, no podemos ser responsables de la protecci\u00f3n y privacidad de cualquier informaci\u00f3n que usted proporcione al visitar estos sitios y estos sitios no se rigen por esta declaraci\u00f3n de privacidad. Usted debe tener cuidado y leer la declaraci\u00f3n de privacidad aplicable al sitio web en cuesti\u00f3n.<\/p>\n<p><strong>El control de su informaci\u00f3n personal<\/strong><\/p>\n<p>Usted puede optar por restringir la recopilaci\u00f3n o el uso de su informaci\u00f3n personal de las siguientes maneras:<\/p>\n<p>Cuando se le pide que rellene un formulario en el sitio web, busque la casilla que puede hacer clic para indicar que no desea que la informaci\u00f3n pueda ser utilizada por cualquier persona con fines de marketing directo<br \/>\nsi previamente ha acordado con nosotros usando su informaci\u00f3n personal para fines de marketing directo, puede cambiar de opini\u00f3n en cualquier momento por escrito o por correo electr\u00f3nico a <a href=\"mailto:info@ataspain.com\">info@ataspain.com<\/a><br \/>\nNo vamos a vender, distribuir o ceder su informaci\u00f3n personal a terceros a menos que tengamos su permiso o est\u00e1n obligados por ley a hacerlo. Podemos utilizar su informaci\u00f3n personal para enviarle informaci\u00f3n promocional sobre terceros que pensamos que puede resultar interesante si usted nos dice que desea que esto suceda.<\/p>\n<p>Usted puede solicitar detalles de la informaci\u00f3n personal que tenemos sobre usted en virtud de la Ley de Protecci\u00f3n de Datos de 1998. Una peque\u00f1a cuota que deber\u00e1 pagarse. Si desea una copia de la informaci\u00f3n contenida en favor escribir a <a href=\"mailto:info@ataspain.com\">info@ataspain.com<\/a><\/p>\n<p>Si usted cree que cualquier informaci\u00f3n que tenemos sobre usted es incorrecta o incompleta, por favor escriba o env\u00edenos un correo electr\u00f3nico tan pronto como sea posible, a la direcci\u00f3n anterior. La brevedad se corregir\u00e1 cualquier informaci\u00f3n que sea incorrecta.<\/p>\n","protected":false},"excerpt":{"rendered":"<p>Esta pol\u00edtica de privacidad establece la manera en usos ATA Spain y protege cualquier informaci\u00f3n que usted da modales de <span>&#8230;<\/span><\/p>\n","protected":false},"author":1,"featured_media":0,"parent":0,"menu_order":0,"comment_status":"closed","ping_status":"closed","template":"","meta":[],"yoast_head":"<!-- This site is optimized with the Yoast SEO plugin v15.4 - https:\/\/yoast.com\/wordpress\/plugins\/seo\/ -->\n<title>Pol\u00edtica de Privacidad | ATA Spain<\/title>\n<meta name=\"robots\" content=\"index, follow, max-snippet:-1, max-image-preview:large, max-video-preview:-1\" \/>\n<link rel=\"canonical\" href=\"https:\/\/www.ataspain.com\/es\/politica-de-privacidad\/\" \/>\n<meta property=\"og:locale\" content=\"es_ES\" \/>\n<meta property=\"og:type\" content=\"article\" \/>\n<meta property=\"og:title\" content=\"Pol\u00edtica de Privacidad | ATA Spain\" \/>\n<meta property=\"og:description\" content=\"Esta pol\u00edtica de privacidad establece la manera en usos ATA Spain y protege cualquier informaci\u00f3n que usted da modales de ...\" \/>\n<meta property=\"og:url\" content=\"https:\/\/www.ataspain.com\/es\/politica-de-privacidad\/\" \/>\n<meta property=\"og:site_name\" content=\"ATA Spain\" \/>\n<meta property=\"article:publisher\" content=\"https:\/\/www.facebook.com\/Ataspain-461086957358463\" \/>\n<meta property=\"article:modified_time\" content=\"2020-12-04T19:39:33+00:00\" \/>\n<meta name=\"twitter:card\" content=\"summary_large_image\" \/>\n<meta name=\"twitter:label1\" content=\"Escrito por\">\n\t<meta name=\"twitter:data1\" content=\"ATA Spain\">\n\t<meta name=\"twitter:label2\" content=\"Tiempo de lectura\">\n\t<meta name=\"twitter:data2\" content=\"4 minutos\">\n<script type=\"application\/ld+json\" class=\"yoast-schema-graph\">{\"@context\":\"https:\/\/schema.org\",\"@graph\":[{\"@type\":\"Organization\",\"@id\":\"https:\/\/www.ataspain.com\/es\/#organization\",\"name\":\"Accountants & Tax Advisors Spain\",\"url\":\"https:\/\/www.ataspain.com\/es\/\",\"sameAs\":[\"https:\/\/www.facebook.com\/Ataspain-461086957358463\"],\"logo\":{\"@type\":\"ImageObject\",\"@id\":\"https:\/\/www.ataspain.com\/es\/#logo\",\"inLanguage\":\"es\",\"url\":\"https:\/\/www.ataspain.com\/es\/wp-content\/uploads\/2020\/12\/ATA-Spain-Accountants-Tax-Advisors-Marbella-Costa-Del-Sol.png\",\"width\":200,\"height\":150,\"caption\":\"Accountants & Tax Advisors Spain\"},\"image\":{\"@id\":\"https:\/\/www.ataspain.com\/es\/#logo\"}},{\"@type\":\"WebSite\",\"@id\":\"https:\/\/www.ataspain.com\/es\/#website\",\"url\":\"https:\/\/www.ataspain.com\/es\/\",\"name\":\"Acountants & Tax Advisors Marbella Spain\",\"description\":\"Accountants &amp; Tax Advisors SL | Marbella | Costa del Sol\",\"publisher\":{\"@id\":\"https:\/\/www.ataspain.com\/es\/#organization\"},\"potentialAction\":[{\"@type\":\"SearchAction\",\"target\":\"https:\/\/www.ataspain.com\/es\/?s={search_term_string}\",\"query-input\":\"required name=search_term_string\"}],\"inLanguage\":\"es\"},{\"@type\":\"WebPage\",\"@id\":\"https:\/\/www.ataspain.com\/es\/politica-de-privacidad\/#webpage\",\"url\":\"https:\/\/www.ataspain.com\/es\/politica-de-privacidad\/\",\"name\":\"Pol\\u00edtica de Privacidad | ATA Spain\",\"isPartOf\":{\"@id\":\"https:\/\/www.ataspain.com\/es\/#website\"},\"datePublished\":\"2016-02-23T08:44:27+00:00\",\"dateModified\":\"2020-12-04T19:39:33+00:00\",\"inLanguage\":\"es\",\"potentialAction\":[{\"@type\":\"ReadAction\",\"target\":[\"https:\/\/www.ataspain.com\/es\/politica-de-privacidad\/\"]}]}]}<\/script>\n<!-- \/ Yoast SEO plugin. -->","_links":{"self":[{"href":"https:\/\/www.ataspain.com\/es\/wp-json\/wp\/v2\/pages\/1818"}],"collection":[{"href":"https:\/\/www.ataspain.com\/es\/wp-json\/wp\/v2\/pages"}],"about":[{"href":"https:\/\/www.ataspain.com\/es\/wp-json\/wp\/v2\/types\/page"}],"author":[{"embeddable":true,"href":"https:\/\/www.ataspain.com\/es\/wp-json\/wp\/v2\/users\/1"}],"replies":[{"embeddable":true,"href":"https:\/\/www.ataspain.com\/es\/wp-json\/wp\/v2\/comments?post=1818"}],"version-history":[{"count":0,"href":"https:\/\/www.ataspain.com\/es\/wp-json\/wp\/v2\/pages\/1818\/revisions"}],"wp:attachment":[{"href":"https:\/\/www.ataspain.com\/es\/wp-json\/wp\/v2\/media?parent=1818"}],"curies":[{"name":"wp","href":"https:\/\/api.w.org\/{rel}","templated":true}]}}