{"id":1831,"date":"2016-06-17T19:01:23","date_gmt":"2016-06-17T17:01:23","guid":{"rendered":"http:\/\/www.ataspain.com\/es\/?page_id=1831"},"modified":"2020-12-13T22:03:19","modified_gmt":"2020-12-13T21:03:19","slug":"servicios-inmobiliarios-marbella-costa-del-sol","status":"publish","type":"page","link":"https:\/\/www.ataspain.com\/es\/servicios-inmobiliarios-marbella-costa-del-sol\/","title":{"rendered":"Servicios Inmobiliarios Costa del Sol"},"content":{"rendered":"\t\t<div data-elementor-type=\"wp-page\" data-elementor-id=\"1831\" class=\"elementor elementor-1831\" data-elementor-settings=\"[]\">\n\t\t\t\t\t\t<div class=\"elementor-inner\">\n\t\t\t\t\t\t\t<div class=\"elementor-section-wrap\">\n\t\t\t\t\t\t\t<section class=\"elementor-section elementor-top-section elementor-element elementor-element-19a261c5 elementor-section-boxed elementor-section-height-default elementor-section-height-default\" data-id=\"19a261c5\" data-element_type=\"section\">\n\t\t\t\t\t\t<div class=\"elementor-container elementor-column-gap-default\">\n\t\t\t\t\t\t\t<div class=\"elementor-row\">\n\t\t\t\t\t<div class=\"elementor-column elementor-col-100 elementor-top-column elementor-element elementor-element-17c62866\" data-id=\"17c62866\" data-element_type=\"column\">\n\t\t\t<div class=\"elementor-column-wrap elementor-element-populated\">\n\t\t\t\t\t\t\t<div class=\"elementor-widget-wrap\">\n\t\t\t\t\t\t<div class=\"elementor-element elementor-element-6be21e35 elementor-widget elementor-widget-text-editor\" data-id=\"6be21e35\" data-element_type=\"widget\" data-widget_type=\"text-editor.default\">\n\t\t\t\t<div class=\"elementor-widget-container\">\n\t\t\t\t\t<div class=\"elementor-text-editor elementor-clearfix\"><h1>Servicios Inmobiliarios &#8211; Marbella, Costa del Sol<\/h1>\n<p><\/p>\n<img loading=\"lazy\" class=\"alignright wp-image-2030\" src=\"http:\/\/www.ataspain.com\/es\/wp-content\/uploads\/2020\/12\/interior-3778708_1280-1024x640.jpg\" alt=\"\" width=\"360\" height=\"225\" srcset=\"https:\/\/www.ataspain.com\/es\/wp-content\/uploads\/2020\/12\/interior-3778708_1280-1024x640.jpg 1024w, https:\/\/www.ataspain.com\/es\/wp-content\/uploads\/2020\/12\/interior-3778708_1280-300x188.jpg 300w, https:\/\/www.ataspain.com\/es\/wp-content\/uploads\/2020\/12\/interior-3778708_1280-768x480.jpg 768w, https:\/\/www.ataspain.com\/es\/wp-content\/uploads\/2020\/12\/interior-3778708_1280.jpg 1280w\" sizes=\"(max-width: 360px) 100vw, 360px\" \/><ul class=\"check\">\n \t<li>Asesoramiento en la compra \/ venta inmobiliaria<\/li>\n \t<li>Asesoramiento integral en servicios inmobiliarios<\/li>\n \t<li>Acuerdos en hipotecarios<\/li>\n \t<li>Alquiler de inmuebles (residencial y comercial)<\/li>\n \t<li>Divisi\u00f3n, segregaci\u00f3n y consolidaci\u00f3n de las parcelas<\/li>\n \t<li>Establecimiento de derechos reales en las transacciones de propiedades (usufructo, servidumbre, etc.)<\/li>\n \t<li>Representaci\u00f3n ante las comunidades de propietarios y asistencia a las reuniones<\/li>\n \t<li>Registro de propiedades o modificaci\u00f3n de los detalles registrados en la Oficina Catastral<\/li>\n \t<li>Compras y ventas de bienes muebles (acciones, veh\u00edculos, yates)<\/li>\n<\/ul><\/div>\n\t\t\t\t<\/div>\n\t\t\t\t<\/div>\n\t\t\t\t\t\t<\/div>\n\t\t\t\t\t<\/div>\n\t\t<\/div>\n\t\t\t\t\t\t\t\t<\/div>\n\t\t\t\t\t<\/div>\n\t\t<\/section>\n\t\t\t\t\t\t<\/div>\n\t\t\t\t\t\t<\/div>\n\t\t\t\t\t<\/div>\n\t\t","protected":false},"excerpt":{"rendered":"<p>Servicios Inmobiliarios &#8211; Marbella, Costa del Sol Asesoramiento en la compra \/ venta inmobiliaria Asesoramiento integral en servicios inmobiliarios Acuerdos <span>&#8230;<\/span><\/p>\n","protected":false},"author":1,"featured_media":0,"parent":0,"menu_order":0,"comment_status":"closed","ping_status":"closed","template":"","meta":[],"yoast_head":"<!-- This site is optimized with the Yoast SEO plugin v15.4 - https:\/\/yoast.com\/wordpress\/plugins\/seo\/ -->\n<title>Servicios Inmobiliarios Costa del Sol | ATA Spain<\/title>\n<meta name=\"robots\" content=\"index, follow, max-snippet:-1, max-image-preview:large, max-video-preview:-1\" \/>\n<link rel=\"canonical\" href=\"https:\/\/www.ataspain.com\/es\/servicios-inmobiliarios-marbella-costa-del-sol\/\" \/>\n<meta property=\"og:locale\" content=\"es_ES\" \/>\n<meta property=\"og:type\" content=\"article\" \/>\n<meta property=\"og:title\" content=\"Servicios Inmobiliarios Costa del Sol | ATA Spain\" \/>\n<meta property=\"og:description\" content=\"Servicios Inmobiliarios &#8211; Marbella, Costa del Sol Asesoramiento en la compra \/ venta inmobiliaria Asesoramiento integral en servicios inmobiliarios Acuerdos ...\" \/>\n<meta property=\"og:url\" content=\"https:\/\/www.ataspain.com\/es\/servicios-inmobiliarios-marbella-costa-del-sol\/\" \/>\n<meta property=\"og:site_name\" content=\"ATA Spain\" \/>\n<meta property=\"article:publisher\" content=\"https:\/\/www.facebook.com\/Ataspain-461086957358463\" \/>\n<meta property=\"article:modified_time\" content=\"2020-12-13T21:03:19+00:00\" \/>\n<meta property=\"og:image\" content=\"http:\/\/www.ataspain.com\/es\/wp-content\/uploads\/2020\/12\/interior-3778708_1280-1024x640.jpg\" \/>\n<meta name=\"twitter:card\" content=\"summary_large_image\" \/>\n<meta name=\"twitter:label1\" content=\"Escrito por\">\n\t<meta name=\"twitter:data1\" content=\"ATA Spain\">\n\t<meta name=\"twitter:label2\" content=\"Tiempo de lectura\">\n\t<meta name=\"twitter:data2\" content=\"0 minutos\">\n<script type=\"application\/ld+json\" class=\"yoast-schema-graph\">{\"@context\":\"https:\/\/schema.org\",\"@graph\":[{\"@type\":\"Organization\",\"@id\":\"https:\/\/www.ataspain.com\/es\/#organization\",\"name\":\"Accountants & Tax Advisors Spain\",\"url\":\"https:\/\/www.ataspain.com\/es\/\",\"sameAs\":[\"https:\/\/www.facebook.com\/Ataspain-461086957358463\"],\"logo\":{\"@type\":\"ImageObject\",\"@id\":\"https:\/\/www.ataspain.com\/es\/#logo\",\"inLanguage\":\"es\",\"url\":\"https:\/\/www.ataspain.com\/es\/wp-content\/uploads\/2020\/12\/ATA-Spain-Accountants-Tax-Advisors-Marbella-Costa-Del-Sol.png\",\"width\":200,\"height\":150,\"caption\":\"Accountants & Tax Advisors Spain\"},\"image\":{\"@id\":\"https:\/\/www.ataspain.com\/es\/#logo\"}},{\"@type\":\"WebSite\",\"@id\":\"https:\/\/www.ataspain.com\/es\/#website\",\"url\":\"https:\/\/www.ataspain.com\/es\/\",\"name\":\"Acountants & Tax Advisors Marbella Spain\",\"description\":\"Accountants &amp; Tax Advisors SL | Marbella | Costa del Sol\",\"publisher\":{\"@id\":\"https:\/\/www.ataspain.com\/es\/#organization\"},\"potentialAction\":[{\"@type\":\"SearchAction\",\"target\":\"https:\/\/www.ataspain.com\/es\/?s={search_term_string}\",\"query-input\":\"required name=search_term_string\"}],\"inLanguage\":\"es\"},{\"@type\":\"ImageObject\",\"@id\":\"https:\/\/www.ataspain.com\/es\/servicios-inmobiliarios-marbella-costa-del-sol\/#primaryimage\",\"inLanguage\":\"es\",\"url\":\"http:\/\/www.ataspain.com\/es\/wp-content\/uploads\/2020\/12\/interior-3778708_1280-1024x640.jpg\"},{\"@type\":\"WebPage\",\"@id\":\"https:\/\/www.ataspain.com\/es\/servicios-inmobiliarios-marbella-costa-del-sol\/#webpage\",\"url\":\"https:\/\/www.ataspain.com\/es\/servicios-inmobiliarios-marbella-costa-del-sol\/\",\"name\":\"Servicios Inmobiliarios Costa del Sol | ATA Spain\",\"isPartOf\":{\"@id\":\"https:\/\/www.ataspain.com\/es\/#website\"},\"primaryImageOfPage\":{\"@id\":\"https:\/\/www.ataspain.com\/es\/servicios-inmobiliarios-marbella-costa-del-sol\/#primaryimage\"},\"datePublished\":\"2016-06-17T17:01:23+00:00\",\"dateModified\":\"2020-12-13T21:03:19+00:00\",\"inLanguage\":\"es\",\"potentialAction\":[{\"@type\":\"ReadAction\",\"target\":[\"https:\/\/www.ataspain.com\/es\/servicios-inmobiliarios-marbella-costa-del-sol\/\"]}]}]}<\/script>\n<!-- \/ Yoast SEO plugin. -->","_links":{"self":[{"href":"https:\/\/www.ataspain.com\/es\/wp-json\/wp\/v2\/pages\/1831"}],"collection":[{"href":"https:\/\/www.ataspain.com\/es\/wp-json\/wp\/v2\/pages"}],"about":[{"href":"https:\/\/www.ataspain.com\/es\/wp-json\/wp\/v2\/types\/page"}],"author":[{"embeddable":true,"href":"https:\/\/www.ataspain.com\/es\/wp-json\/wp\/v2\/users\/1"}],"replies":[{"embeddable":true,"href":"https:\/\/www.ataspain.com\/es\/wp-json\/wp\/v2\/comments?post=1831"}],"version-history":[{"count":6,"href":"https:\/\/www.ataspain.com\/es\/wp-json\/wp\/v2\/pages\/1831\/revisions"}],"predecessor-version":[{"id":2277,"href":"https:\/\/www.ataspain.com\/es\/wp-json\/wp\/v2\/pages\/1831\/revisions\/2277"}],"wp:attachment":[{"href":"https:\/\/www.ataspain.com\/es\/wp-json\/wp\/v2\/media?parent=1831"}],"curies":[{"name":"wp","href":"https:\/\/api.w.org\/{rel}","templated":true}]}}