{"id":1836,"date":"2016-06-17T19:08:58","date_gmt":"2016-06-17T17:08:58","guid":{"rendered":"http:\/\/www.ataspain.com\/es\/?page_id=1836"},"modified":"2020-12-13T22:01:45","modified_gmt":"2020-12-13T21:01:45","slug":"no-residentes-marbella-costa-del-sol","status":"publish","type":"page","link":"https:\/\/www.ataspain.com\/es\/no-residentes-marbella-costa-del-sol\/","title":{"rendered":"No Residentes en Espa\u00f1a"},"content":{"rendered":"\t\t<div data-elementor-type=\"wp-page\" data-elementor-id=\"1836\" class=\"elementor elementor-1836\" data-elementor-settings=\"[]\">\n\t\t\t\t\t\t<div class=\"elementor-inner\">\n\t\t\t\t\t\t\t<div class=\"elementor-section-wrap\">\n\t\t\t\t\t\t\t<section class=\"elementor-section elementor-top-section elementor-element elementor-element-efe6ac9 elementor-section-boxed elementor-section-height-default elementor-section-height-default\" data-id=\"efe6ac9\" data-element_type=\"section\">\n\t\t\t\t\t\t<div class=\"elementor-container elementor-column-gap-default\">\n\t\t\t\t\t\t\t<div class=\"elementor-row\">\n\t\t\t\t\t<div class=\"elementor-column elementor-col-100 elementor-top-column elementor-element elementor-element-31ddb656\" data-id=\"31ddb656\" data-element_type=\"column\">\n\t\t\t<div class=\"elementor-column-wrap elementor-element-populated\">\n\t\t\t\t\t\t\t<div class=\"elementor-widget-wrap\">\n\t\t\t\t\t\t<div class=\"elementor-element elementor-element-45355340 elementor-widget elementor-widget-text-editor\" data-id=\"45355340\" data-element_type=\"widget\" data-widget_type=\"text-editor.default\">\n\t\t\t\t<div class=\"elementor-widget-container\">\n\t\t\t\t\t<div class=\"elementor-text-editor elementor-clearfix\">\n<h1>No Residentes en Espa\u00f1a<\/h1>\n<p><\/p>\n<img loading=\"lazy\" class=\"alignright wp-image-1866\" src=\"http:\/\/www.ataspain.com\/es\/wp-content\/uploads\/2018\/07\/pixabay-1551772_1280-1024x680.jpg\" alt=\"\" width=\"360\" height=\"239\" srcset=\"https:\/\/www.ataspain.com\/es\/wp-content\/uploads\/2018\/07\/pixabay-1551772_1280-1024x680.jpg 1024w, https:\/\/www.ataspain.com\/es\/wp-content\/uploads\/2018\/07\/pixabay-1551772_1280-300x199.jpg 300w, https:\/\/www.ataspain.com\/es\/wp-content\/uploads\/2018\/07\/pixabay-1551772_1280.jpg 1280w\" sizes=\"(max-width: 360px) 100vw, 360px\" \/>\n<ul class=\"check\">\n \t<li>Asesoramiento fiscal para los no residentes<\/li>\n \t<li>Declaraci\u00f3n de impuestos de no residentes (declaraci\u00f3n anual de impuestos)<\/li>\n \t<li>Representaci\u00f3n fiscal<\/li>\n<\/ul><\/div>\n\t\t\t\t<\/div>\n\t\t\t\t<\/div>\n\t\t\t\t\t\t<\/div>\n\t\t\t\t\t<\/div>\n\t\t<\/div>\n\t\t\t\t\t\t\t\t<\/div>\n\t\t\t\t\t<\/div>\n\t\t<\/section>\n\t\t\t\t\t\t<\/div>\n\t\t\t\t\t\t<\/div>\n\t\t\t\t\t<\/div>\n\t\t","protected":false},"excerpt":{"rendered":"<p>No Residentes en Espa\u00f1a Asesoramiento fiscal para los no residentes Declaraci\u00f3n de impuestos de no residentes (declaraci\u00f3n anual de impuestos) <span>&#8230;<\/span><\/p>\n","protected":false},"author":1,"featured_media":0,"parent":0,"menu_order":0,"comment_status":"closed","ping_status":"closed","template":"","meta":[],"yoast_head":"<!-- This site is optimized with the Yoast SEO plugin v15.4 - https:\/\/yoast.com\/wordpress\/plugins\/seo\/ -->\n<title>No Residentes en Espa\u00f1a | Representaci\u00f3n fiscal | ATA Spain<\/title>\n<meta name=\"description\" content=\"Asesoramiento fiscal para los no residentes, Declaraci\u00f3n de impuestos de no residentes (declaraci\u00f3n anual de impuestos), Representaci\u00f3n fiscal\" \/>\n<meta name=\"robots\" content=\"index, follow, max-snippet:-1, max-image-preview:large, max-video-preview:-1\" \/>\n<link rel=\"canonical\" href=\"https:\/\/www.ataspain.com\/es\/no-residentes-marbella-costa-del-sol\/\" \/>\n<meta property=\"og:locale\" content=\"es_ES\" \/>\n<meta property=\"og:type\" content=\"article\" \/>\n<meta property=\"og:title\" content=\"No Residentes en Espa\u00f1a | Representaci\u00f3n fiscal | ATA Spain\" \/>\n<meta property=\"og:description\" content=\"Asesoramiento fiscal para los no residentes, Declaraci\u00f3n de impuestos de no residentes (declaraci\u00f3n anual de impuestos), Representaci\u00f3n fiscal\" \/>\n<meta property=\"og:url\" content=\"https:\/\/www.ataspain.com\/es\/no-residentes-marbella-costa-del-sol\/\" \/>\n<meta property=\"og:site_name\" content=\"ATA Spain\" \/>\n<meta property=\"article:publisher\" content=\"https:\/\/www.facebook.com\/Ataspain-461086957358463\" \/>\n<meta property=\"article:modified_time\" content=\"2020-12-13T21:01:45+00:00\" \/>\n<meta property=\"og:image\" content=\"http:\/\/www.ataspain.com\/es\/wp-content\/uploads\/2018\/07\/pixabay-1551772_1280-1024x680.jpg\" \/>\n<meta name=\"twitter:card\" content=\"summary_large_image\" \/>\n<meta name=\"twitter:label1\" content=\"Escrito por\">\n\t<meta name=\"twitter:data1\" content=\"ATA Spain\">\n\t<meta name=\"twitter:label2\" content=\"Tiempo de lectura\">\n\t<meta name=\"twitter:data2\" content=\"0 minutos\">\n<script type=\"application\/ld+json\" class=\"yoast-schema-graph\">{\"@context\":\"https:\/\/schema.org\",\"@graph\":[{\"@type\":\"Organization\",\"@id\":\"https:\/\/www.ataspain.com\/es\/#organization\",\"name\":\"Accountants & Tax Advisors Spain\",\"url\":\"https:\/\/www.ataspain.com\/es\/\",\"sameAs\":[\"https:\/\/www.facebook.com\/Ataspain-461086957358463\"],\"logo\":{\"@type\":\"ImageObject\",\"@id\":\"https:\/\/www.ataspain.com\/es\/#logo\",\"inLanguage\":\"es\",\"url\":\"https:\/\/www.ataspain.com\/es\/wp-content\/uploads\/2020\/12\/ATA-Spain-Accountants-Tax-Advisors-Marbella-Costa-Del-Sol.png\",\"width\":200,\"height\":150,\"caption\":\"Accountants & Tax Advisors Spain\"},\"image\":{\"@id\":\"https:\/\/www.ataspain.com\/es\/#logo\"}},{\"@type\":\"WebSite\",\"@id\":\"https:\/\/www.ataspain.com\/es\/#website\",\"url\":\"https:\/\/www.ataspain.com\/es\/\",\"name\":\"Acountants & Tax Advisors Marbella Spain\",\"description\":\"Accountants &amp; Tax Advisors SL | Marbella | Costa del Sol\",\"publisher\":{\"@id\":\"https:\/\/www.ataspain.com\/es\/#organization\"},\"potentialAction\":[{\"@type\":\"SearchAction\",\"target\":\"https:\/\/www.ataspain.com\/es\/?s={search_term_string}\",\"query-input\":\"required name=search_term_string\"}],\"inLanguage\":\"es\"},{\"@type\":\"ImageObject\",\"@id\":\"https:\/\/www.ataspain.com\/es\/no-residentes-marbella-costa-del-sol\/#primaryimage\",\"inLanguage\":\"es\",\"url\":\"http:\/\/www.ataspain.com\/es\/wp-content\/uploads\/2018\/07\/pixabay-1551772_1280-1024x680.jpg\"},{\"@type\":\"WebPage\",\"@id\":\"https:\/\/www.ataspain.com\/es\/no-residentes-marbella-costa-del-sol\/#webpage\",\"url\":\"https:\/\/www.ataspain.com\/es\/no-residentes-marbella-costa-del-sol\/\",\"name\":\"No Residentes en Espa\\u00f1a | Representaci\\u00f3n fiscal | ATA Spain\",\"isPartOf\":{\"@id\":\"https:\/\/www.ataspain.com\/es\/#website\"},\"primaryImageOfPage\":{\"@id\":\"https:\/\/www.ataspain.com\/es\/no-residentes-marbella-costa-del-sol\/#primaryimage\"},\"datePublished\":\"2016-06-17T17:08:58+00:00\",\"dateModified\":\"2020-12-13T21:01:45+00:00\",\"description\":\"Asesoramiento fiscal para los no residentes, Declaraci\\u00f3n de impuestos de no residentes (declaraci\\u00f3n anual de impuestos), Representaci\\u00f3n fiscal\",\"inLanguage\":\"es\",\"potentialAction\":[{\"@type\":\"ReadAction\",\"target\":[\"https:\/\/www.ataspain.com\/es\/no-residentes-marbella-costa-del-sol\/\"]}]}]}<\/script>\n<!-- \/ Yoast SEO plugin. -->","_links":{"self":[{"href":"https:\/\/www.ataspain.com\/es\/wp-json\/wp\/v2\/pages\/1836"}],"collection":[{"href":"https:\/\/www.ataspain.com\/es\/wp-json\/wp\/v2\/pages"}],"about":[{"href":"https:\/\/www.ataspain.com\/es\/wp-json\/wp\/v2\/types\/page"}],"author":[{"embeddable":true,"href":"https:\/\/www.ataspain.com\/es\/wp-json\/wp\/v2\/users\/1"}],"replies":[{"embeddable":true,"href":"https:\/\/www.ataspain.com\/es\/wp-json\/wp\/v2\/comments?post=1836"}],"version-history":[{"count":6,"href":"https:\/\/www.ataspain.com\/es\/wp-json\/wp\/v2\/pages\/1836\/revisions"}],"predecessor-version":[{"id":2271,"href":"https:\/\/www.ataspain.com\/es\/wp-json\/wp\/v2\/pages\/1836\/revisions\/2271"}],"wp:attachment":[{"href":"https:\/\/www.ataspain.com\/es\/wp-json\/wp\/v2\/media?parent=1836"}],"curies":[{"name":"wp","href":"https:\/\/api.w.org\/{rel}","templated":true}]}}