{"id":5,"date":"2013-04-23T08:51:02","date_gmt":"2013-04-23T06:51:02","guid":{"rendered":"http:\/\/www.ataspain.com\/es\/?page_id=5"},"modified":"2020-12-13T21:58:04","modified_gmt":"2020-12-13T20:58:04","slug":"laboral-y-recursos-humanos-en-marbella-marbella-costa-del-sol","status":"publish","type":"page","link":"https:\/\/www.ataspain.com\/es\/laboral-y-recursos-humanos-en-marbella-marbella-costa-del-sol\/","title":{"rendered":"Laboral y Recursos Humanos"},"content":{"rendered":"\t\t<div data-elementor-type=\"wp-page\" data-elementor-id=\"5\" class=\"elementor elementor-5\" data-elementor-settings=\"[]\">\n\t\t\t\t\t\t<div class=\"elementor-inner\">\n\t\t\t\t\t\t\t<div class=\"elementor-section-wrap\">\n\t\t\t\t\t\t\t<section class=\"elementor-section elementor-top-section elementor-element elementor-element-45e5b500 elementor-section-boxed elementor-section-height-default elementor-section-height-default\" data-id=\"45e5b500\" data-element_type=\"section\">\n\t\t\t\t\t\t<div class=\"elementor-container elementor-column-gap-default\">\n\t\t\t\t\t\t\t<div class=\"elementor-row\">\n\t\t\t\t\t<div class=\"elementor-column elementor-col-100 elementor-top-column elementor-element elementor-element-9201c63\" data-id=\"9201c63\" data-element_type=\"column\">\n\t\t\t<div class=\"elementor-column-wrap elementor-element-populated\">\n\t\t\t\t\t\t\t<div class=\"elementor-widget-wrap\">\n\t\t\t\t\t\t<div class=\"elementor-element elementor-element-557b77c3 elementor-widget elementor-widget-text-editor\" data-id=\"557b77c3\" data-element_type=\"widget\" data-widget_type=\"text-editor.default\">\n\t\t\t\t<div class=\"elementor-widget-container\">\n\t\t\t\t\t<div class=\"elementor-text-editor elementor-clearfix\"><h1>Laboral y Recursos Humanos, Costa del Sol<\/h1>\n\n<p><\/p>\n<img loading=\"lazy\" class=\"alignright wp-image-1966 size-full\" src=\"http:\/\/www.ataspain.com\/es\/wp-content\/uploads\/2020\/12\/news-20-360x280-1.jpg\" alt=\"\" width=\"360\" height=\"280\" srcset=\"https:\/\/www.ataspain.com\/es\/wp-content\/uploads\/2020\/12\/news-20-360x280-1.jpg 360w, https:\/\/www.ataspain.com\/es\/wp-content\/uploads\/2020\/12\/news-20-360x280-1-300x233.jpg 300w\" sizes=\"(max-width: 360px) 100vw, 360px\" \/>Ofrecemos un servicio integral de laboral y recursos humanos que incluye:\n<ul class=\"check\">\n \t<li>Preparaci\u00f3n de n\u00f3minas<\/li>\n \t<li>Contratos de trabajo<\/li>\n \t<li>N\u00f3minas mensuales<\/li>\n \t<li>Despido de trabajadores<\/li>\n \t<li>Asesoramientos en Despidos<\/li>\n \t<li>Acciones disciplinarias y acuerdos colectivos<\/li>\n \t<li>Registro de empresas con la autoridad laboral<\/li>\n \t<li>El registro de nuevos empleados en Seguridad Social<\/li>\n \t<li>Representaci\u00f3n ante el CMAC<\/li>\n \t<li>Autoridad laboral<\/li>\n \t<li>Permisos de residencia y empleo<\/li>\n \t<li>Subvenciones p\u00fablicas relacionadas con el empleo<\/li>\n<\/ul><\/div>\n\t\t\t\t<\/div>\n\t\t\t\t<\/div>\n\t\t\t\t\t\t<\/div>\n\t\t\t\t\t<\/div>\n\t\t<\/div>\n\t\t\t\t\t\t\t\t<\/div>\n\t\t\t\t\t<\/div>\n\t\t<\/section>\n\t\t\t\t\t\t<\/div>\n\t\t\t\t\t\t<\/div>\n\t\t\t\t\t<\/div>\n\t\t","protected":false},"excerpt":{"rendered":"<p>Laboral y Recursos Humanos, Costa del Sol Ofrecemos un servicio integral de laboral y recursos humanos que incluye: Preparaci\u00f3n de <span>&#8230;<\/span><\/p>\n","protected":false},"author":1,"featured_media":0,"parent":0,"menu_order":0,"comment_status":"closed","ping_status":"closed","template":"","meta":[],"yoast_head":"<!-- This site is optimized with the Yoast SEO plugin v15.4 - https:\/\/yoast.com\/wordpress\/plugins\/seo\/ -->\n<title>Laboral y Recursos Humanos Marbella | ATA Spain<\/title>\n<meta name=\"description\" content=\"Ofrecemos un servicio integral de laboral y recursos humanos que incluye: Preparaci\u00f3n de n\u00f3minas, Contratos de trabajo, N\u00f3minas mensuales, Despido de trabajadores, Acciones disciplinarias y acuerdos colectivos, Registro de empresas con la autoridad laboral y mas\" \/>\n<meta name=\"robots\" content=\"index, follow, max-snippet:-1, max-image-preview:large, max-video-preview:-1\" \/>\n<link rel=\"canonical\" href=\"https:\/\/www.ataspain.com\/es\/laboral-y-recursos-humanos-en-marbella-marbella-costa-del-sol\/\" \/>\n<meta property=\"og:locale\" content=\"es_ES\" \/>\n<meta property=\"og:type\" content=\"article\" \/>\n<meta property=\"og:title\" content=\"Laboral y Recursos Humanos Marbella | ATA Spain\" \/>\n<meta property=\"og:description\" content=\"Ofrecemos un servicio integral de laboral y recursos humanos que incluye: Preparaci\u00f3n de n\u00f3minas, Contratos de trabajo, N\u00f3minas mensuales, Despido de trabajadores, Acciones disciplinarias y acuerdos colectivos, Registro de empresas con la autoridad laboral y mas\" \/>\n<meta property=\"og:url\" content=\"https:\/\/www.ataspain.com\/es\/laboral-y-recursos-humanos-en-marbella-marbella-costa-del-sol\/\" \/>\n<meta property=\"og:site_name\" content=\"ATA Spain\" \/>\n<meta property=\"article:publisher\" content=\"https:\/\/www.facebook.com\/Ataspain-461086957358463\" \/>\n<meta property=\"article:modified_time\" content=\"2020-12-13T20:58:04+00:00\" \/>\n<meta property=\"og:image\" content=\"http:\/\/www.ataspain.com\/es\/wp-content\/uploads\/2020\/12\/news-20-360x280-1.jpg\" \/>\n<meta name=\"twitter:card\" content=\"summary_large_image\" \/>\n<meta name=\"twitter:label1\" content=\"Escrito por\">\n\t<meta name=\"twitter:data1\" content=\"ATA Spain\">\n\t<meta name=\"twitter:label2\" content=\"Tiempo de lectura\">\n\t<meta name=\"twitter:data2\" content=\"0 minutos\">\n<script type=\"application\/ld+json\" class=\"yoast-schema-graph\">{\"@context\":\"https:\/\/schema.org\",\"@graph\":[{\"@type\":\"Organization\",\"@id\":\"https:\/\/www.ataspain.com\/es\/#organization\",\"name\":\"Accountants & Tax Advisors Spain\",\"url\":\"https:\/\/www.ataspain.com\/es\/\",\"sameAs\":[\"https:\/\/www.facebook.com\/Ataspain-461086957358463\"],\"logo\":{\"@type\":\"ImageObject\",\"@id\":\"https:\/\/www.ataspain.com\/es\/#logo\",\"inLanguage\":\"es\",\"url\":\"https:\/\/www.ataspain.com\/es\/wp-content\/uploads\/2020\/12\/ATA-Spain-Accountants-Tax-Advisors-Marbella-Costa-Del-Sol.png\",\"width\":200,\"height\":150,\"caption\":\"Accountants & Tax Advisors Spain\"},\"image\":{\"@id\":\"https:\/\/www.ataspain.com\/es\/#logo\"}},{\"@type\":\"WebSite\",\"@id\":\"https:\/\/www.ataspain.com\/es\/#website\",\"url\":\"https:\/\/www.ataspain.com\/es\/\",\"name\":\"Acountants & Tax Advisors Marbella Spain\",\"description\":\"Accountants &amp; Tax Advisors SL | Marbella | Costa del Sol\",\"publisher\":{\"@id\":\"https:\/\/www.ataspain.com\/es\/#organization\"},\"potentialAction\":[{\"@type\":\"SearchAction\",\"target\":\"https:\/\/www.ataspain.com\/es\/?s={search_term_string}\",\"query-input\":\"required name=search_term_string\"}],\"inLanguage\":\"es\"},{\"@type\":\"ImageObject\",\"@id\":\"https:\/\/www.ataspain.com\/es\/laboral-y-recursos-humanos-en-marbella-marbella-costa-del-sol\/#primaryimage\",\"inLanguage\":\"es\",\"url\":\"http:\/\/www.ataspain.com\/es\/wp-content\/uploads\/2020\/12\/news-20-360x280-1.jpg\"},{\"@type\":\"WebPage\",\"@id\":\"https:\/\/www.ataspain.com\/es\/laboral-y-recursos-humanos-en-marbella-marbella-costa-del-sol\/#webpage\",\"url\":\"https:\/\/www.ataspain.com\/es\/laboral-y-recursos-humanos-en-marbella-marbella-costa-del-sol\/\",\"name\":\"Laboral y Recursos Humanos Marbella | ATA Spain\",\"isPartOf\":{\"@id\":\"https:\/\/www.ataspain.com\/es\/#website\"},\"primaryImageOfPage\":{\"@id\":\"https:\/\/www.ataspain.com\/es\/laboral-y-recursos-humanos-en-marbella-marbella-costa-del-sol\/#primaryimage\"},\"datePublished\":\"2013-04-23T06:51:02+00:00\",\"dateModified\":\"2020-12-13T20:58:04+00:00\",\"description\":\"Ofrecemos un servicio integral de laboral y recursos humanos que incluye: Preparaci\\u00f3n de n\\u00f3minas, Contratos de trabajo, N\\u00f3minas mensuales, Despido de trabajadores, Acciones disciplinarias y acuerdos colectivos, Registro de empresas con la autoridad laboral y mas\",\"inLanguage\":\"es\",\"potentialAction\":[{\"@type\":\"ReadAction\",\"target\":[\"https:\/\/www.ataspain.com\/es\/laboral-y-recursos-humanos-en-marbella-marbella-costa-del-sol\/\"]}]}]}<\/script>\n<!-- \/ Yoast SEO plugin. -->","_links":{"self":[{"href":"https:\/\/www.ataspain.com\/es\/wp-json\/wp\/v2\/pages\/5"}],"collection":[{"href":"https:\/\/www.ataspain.com\/es\/wp-json\/wp\/v2\/pages"}],"about":[{"href":"https:\/\/www.ataspain.com\/es\/wp-json\/wp\/v2\/types\/page"}],"author":[{"embeddable":true,"href":"https:\/\/www.ataspain.com\/es\/wp-json\/wp\/v2\/users\/1"}],"replies":[{"embeddable":true,"href":"https:\/\/www.ataspain.com\/es\/wp-json\/wp\/v2\/comments?post=5"}],"version-history":[{"count":6,"href":"https:\/\/www.ataspain.com\/es\/wp-json\/wp\/v2\/pages\/5\/revisions"}],"predecessor-version":[{"id":2259,"href":"https:\/\/www.ataspain.com\/es\/wp-json\/wp\/v2\/pages\/5\/revisions\/2259"}],"wp:attachment":[{"href":"https:\/\/www.ataspain.com\/es\/wp-json\/wp\/v2\/media?parent=5"}],"curies":[{"name":"wp","href":"https:\/\/api.w.org\/{rel}","templated":true}]}}