{"id":1818,"date":"2016-02-23T09:44:27","date_gmt":"2016-02-23T08:44:27","guid":{"rendered":"http:\/\/www.ataspain.com\/fr\/?page_id=1818"},"modified":"2020-12-03T23:16:09","modified_gmt":"2020-12-03T22:16:09","slug":"politique-de-confidentialite","status":"publish","type":"page","link":"https:\/\/www.ataspain.com\/fr\/politique-de-confidentialite\/","title":{"rendered":"Politique de confidentialit\u00e9"},"content":{"rendered":"\t\t<div data-elementor-type=\"wp-page\" data-elementor-id=\"1818\" class=\"elementor elementor-1818\" data-elementor-settings=\"[]\">\n\t\t\t\t\t\t<div class=\"elementor-inner\">\n\t\t\t\t\t\t\t<div class=\"elementor-section-wrap\">\n\t\t\t\t\t\t\t<section class=\"elementor-section elementor-top-section elementor-element elementor-element-3d4d2cdc elementor-section-boxed elementor-section-height-default elementor-section-height-default\" data-id=\"3d4d2cdc\" data-element_type=\"section\">\n\t\t\t\t\t\t<div class=\"elementor-container elementor-column-gap-default\">\n\t\t\t\t\t\t\t<div class=\"elementor-row\">\n\t\t\t\t\t<div class=\"elementor-column elementor-col-100 elementor-top-column elementor-element elementor-element-2260964b\" data-id=\"2260964b\" data-element_type=\"column\">\n\t\t\t<div class=\"elementor-column-wrap elementor-element-populated\">\n\t\t\t\t\t\t\t<div class=\"elementor-widget-wrap\">\n\t\t\t\t\t\t<div class=\"elementor-element elementor-element-72c92ea4 elementor-widget elementor-widget-text-editor\" data-id=\"72c92ea4\" data-element_type=\"widget\" data-widget_type=\"text-editor.default\">\n\t\t\t\t<div class=\"elementor-widget-container\">\n\t\t\t\t\t<div class=\"elementor-text-editor elementor-clearfix\">Cette politique de confidentialit\u00e9 explique comment ATA Spain utilise et prot\u00e8ge toutes les informations que vous donnez \u00e0 Manners Media lorsque vous utilisez ce site web.\r\n\r\nATA Spain s&#8217;engage \u00e0 prot\u00e9ger votre vie priv\u00e9e. Si nous vous demandons de fournir certaines informations au travers desquelles vous pouvez \u00eatre identifi\u00e9 lors de l&#8217;utilisation de ce site Web, vous pouvez \u00eatre assur\u00e9 qu&#8217;elles ne seront utilis\u00e9es que conform\u00e9ment \u00e0 la pr\u00e9sente d\u00e9claration de confidentialit\u00e9.\r\n\r\nEn mettant cette page \u00e0 jour, ATA Spain peut parfois modifier cette politique. Vous devriez consulter cette page de temps \u00e0 autre pour vous assurer que vous \u00eates satisfait d\u2019\u00e9ventuels changements. Cette politique est effective \u00e0 partir du 1er janvier 2016.\r\n\r\n<strong>Ce que nous recueillons<\/strong>\r\n\r\nNous pouvons recueillir les informations suivantes :\r\n<ul>\r\n \t<li>Nom et titre du poste<\/li>\r\n \t<li>Coordonn\u00e9es, y compris l&#8217;adresse \u00e9lectronique<\/li>\r\n \t<li>Informations d\u00e9mographiques telles que le code postal, les pr\u00e9f\u00e9rences et les int\u00e9r\u00eats<\/li>\r\n \t<li>Autres informations pertinentes pour les enqu\u00eates aupr\u00e8s des clients et\/ou des offres<\/li>\r\n<\/ul>\r\n<strong>Ce que nous faisons avec les informations que nous recueillons<\/strong>\r\n\r\nNous avons besoin de ces informations afin de mieux comprendre vos besoins et vous fournir un meilleur service, en particulier pour les raisons suivantes :\r\n<ul>\r\n \t<li>Archivage interne.<\/li>\r\n \t<li>Nous pouvons utiliser ces informations aux fins d\u2019am\u00e9liorer nos produits et services.<\/li>\r\n \t<li>En utilisant l&#8217;adresse e-mail que vous avez fourni, nous pouvons vous envoyer p\u00e9riodiquement des courriels promotionnels concernant de nouveaux produits, des offres sp\u00e9ciales ou d&#8217;autres informations que nous pensons susceptibles de vous int\u00e9resser.<\/li>\r\n \t<li>A des fins d&#8217;\u00e9tude de march\u00e9, nous pouvons \u00e9galement de temps en temps utiliser vos informations pour vous contacter. Que ce soit par email, t\u00e9l\u00e9phone ou courrier. Nous pouvons utiliser ces informations pour personnaliser le site Web en fonction de vos int\u00e9r\u00eats.<\/li>\r\n<\/ul>\r\n<strong>S\u00e9curit\u00e9<\/strong>\r\n\r\nNous nous engageons \u00e0 assurer la s\u00e9curit\u00e9 de vos informations. Afin de pr\u00e9venir tout acc\u00e8s ou divulgation non autoris\u00e9, nous avons mis en place des proc\u00e9dures physiques, \u00e9lectroniques et de gestion appropri\u00e9es pour prot\u00e9ger et s\u00e9curiser les informations que nous recueillons en ligne.\r\n\r\n<strong>Comment nous utilisons les cookies<\/strong>\r\n\r\nUn cookie est un petit fichier qui demande la permission d\u2019\u00eatre plac\u00e9 sur le disque dur de votre ordinateur. Une fois que vous avez accept\u00e9, le fichier est ajout\u00e9 et le cookie facilite l&#8217;analyse du trafic Web ou vous permet de savoir quand vous visitez un site particulier. Les cookies permettent aux applications Web de vous r\u00e9pondre individuellement. L&#8217;application Web peut adapter ses op\u00e9rations \u00e0 vos besoins, \u00e0 vos go\u00fbts et \u00e0 vos d\u00e9go\u00fbts en recueillant et en m\u00e9morisant des informations sur vos pr\u00e9f\u00e9rences.\r\n\r\nNous utilisons des <em>traffic log cookies<\/em> pour identifier les pages qui ont \u00e9t\u00e9 utilis\u00e9es. Cela nous aide \u00e0 analyser les donn\u00e9es sur le trafic des pages Web et \u00e0 am\u00e9liorer notre site Web afin de l&#8217;adapter aux besoins des clients. Nous utilisons ces informations uniquement \u00e0 des fins d&#8217;analyse statistique. Par la suite les donn\u00e9es sont supprim\u00e9es du syst\u00e8me.\r\n\r\nGlobalement, les cookies nous aident \u00e0 vous fournir un meilleur site web en nous permettant de surveiller les pages que vous trouvez utiles et celles que vous ne trouvez pas utiles. Un cookie ne nous donne en aucun cas acc\u00e8s \u00e0 votre ordinateur ou \u00e0 des informations vous concernant, autres que les donn\u00e9es que vous choisissez de partager avec nous.\r\n\r\nVous pouvez choisir d&#8217;accepter ou de refuser les cookies. La plupart des navigateurs Web acceptent automatiquement les cookies, mais si vous pr\u00e9f\u00e9rez vous pouvez g\u00e9n\u00e9ralement modifier les param\u00e8tres de votre navigateur pour refuser les cookies. Soulignons que cela peut vous emp\u00eacher de tirer pleinement parti du site Web.\r\n\r\n<strong>Liens vers d&#8217;autres sites Web<\/strong>\r\n\r\nNotre site Web peut contenir des liens vers d&#8217;autres sites Web qui sont int\u00e9ressants. Cependant, une fois que vous avez utilis\u00e9 ces liens pour quitter notre site, nous vous signalons que nous n\u2019avons aucun contr\u00f4le sur cet autre site. Par cons\u00e9quent, nous ne pouvons \u00eatre tenus responsables de la protection et de la confidentialit\u00e9 de toute information que vous fournissez lors de la visite de tels sites. De tels sites ne sont pas r\u00e9gis par cette d\u00e9claration de confidentialit\u00e9. Vous devez faire preuve de prudence et consulter la d\u00e9claration de confidentialit\u00e9 applicable au site Web en question.\r\n\r\n<strong>Contr\u00f4ler vos informations personnelles<\/strong>\r\n\r\nVous pouvez choisir de limiter la collecte ou l&#8217;utilisation de vos informations personnelles, de l&#8217;une des mani\u00e8res suivantes :\r\n<ul>\r\n \t<li>Chaque fois que vous \u00eates invit\u00e9 \u00e0 remplir un formulaire sur le site Web, recherchez la case sur laquelle vous pouvez cliquer pour indiquer que vous ne souhaitez pas que les informations soient utilis\u00e9es par quiconque \u00e0 des fins de marketing direct.<\/li>\r\n \t<li>Au cas o\u00f9 vous auriez d\u00e9j\u00e0 accept\u00e9 que nous utilisions vos informations personnelles \u00e0 des fins de marketing direct, vous pouvez \u00e0 tout moment changer d\u2019avis en nous \u00e9crivant ou en nous envoyant un courrier \u00e9lectronique \u00e0 <a href=\"mailto:info@ataspain.com\">info@ataspain.com<\/a><\/li>\r\n<\/ul>\r\nNous ne vendrons pas, ne distribuerons pas ni ne louerons pas vos informations personnelles \u00e0 des tiers, sauf si nous avons votre permission ou si la loi l&#8217;exige.\r\n\r\nNous pouvons utiliser vos informations personnelles pour vous envoyer des informations promotionnelles sur des tiers que nous pensons susceptibles de vous int\u00e9resser si vous nous indiquez que vous souhaitez que cela se produise.\r\n<ul>\r\n \t<li>Vous pouvez demander des d\u00e9tails sur les informations personnelles que nous d\u00e9tenons \u00e0 votre sujet en vertu de la loi de 1998 sur la protection des donn\u00e9es. Un petit suppl\u00e9ment sera d\u00fb. Si vous souhaitez obtenir une copie des informations vous concernant, merci \u00a0d&#8217;\u00e9crire \u00e0 <a href=\"mailto:info@ataspain.com\">info@ataspain.com<\/a><\/li>\r\n<\/ul>\r\nSi vous pensez que des informations que nous d\u00e9tenons sur vous sont incorrectes ou incompl\u00e8tes, veuillez nous \u00e9crire ou nous envoyer un courrier \u00e9lectronique d\u00e8s que possible, \u00e0 l&#8217;adresse indiqu\u00e9e ci-dessus. Nous corrigerons rapidement toute information jug\u00e9e incorrecte.<\/div>\n\t\t\t\t<\/div>\n\t\t\t\t<\/div>\n\t\t\t\t\t\t<\/div>\n\t\t\t\t\t<\/div>\n\t\t<\/div>\n\t\t\t\t\t\t\t\t<\/div>\n\t\t\t\t\t<\/div>\n\t\t<\/section>\n\t\t\t\t\t\t<\/div>\n\t\t\t\t\t\t<\/div>\n\t\t\t\t\t<\/div>\n\t\t","protected":false},"excerpt":{"rendered":"<p>Cette politique de confidentialit\u00e9 explique comment ATA Spain utilise et prot\u00e8ge toutes les informations que vous donnez \u00e0 Manners Media <span>&#8230;<\/span><\/p>\n","protected":false},"author":1,"featured_media":1631,"parent":0,"menu_order":0,"comment_status":"closed","ping_status":"closed","template":"","meta":[],"yoast_head":"<!-- This site is optimized with the Yoast SEO plugin v15.4 - https:\/\/yoast.com\/wordpress\/plugins\/seo\/ -->\n<title>Politique de confidentialit\u00e9 | ATA Spain<\/title>\n<meta name=\"robots\" content=\"index, follow, max-snippet:-1, max-image-preview:large, max-video-preview:-1\" \/>\n<link rel=\"canonical\" href=\"https:\/\/www.ataspain.com\/fr\/politique-de-confidentialite\/\" \/>\n<meta property=\"og:locale\" content=\"en_GB\" \/>\n<meta property=\"og:type\" content=\"article\" \/>\n<meta property=\"og:title\" content=\"Politique de confidentialit\u00e9 | ATA Spain\" \/>\n<meta property=\"og:description\" content=\"Cette politique de confidentialit\u00e9 explique comment ATA Spain utilise et prot\u00e8ge toutes les informations que vous donnez \u00e0 Manners Media ...\" \/>\n<meta property=\"og:url\" content=\"https:\/\/www.ataspain.com\/fr\/politique-de-confidentialite\/\" \/>\n<meta property=\"og:site_name\" content=\"ATA Spain\" \/>\n<meta property=\"article:publisher\" content=\"https:\/\/www.facebook.com\/Ataspain-461086957358463\" \/>\n<meta property=\"article:modified_time\" content=\"2020-12-03T22:16:09+00:00\" \/>\n<meta property=\"og:image\" content=\"https:\/\/www.ataspain.com\/fr\/wp-content\/uploads\/2011\/01\/financial-papers.jpg\" \/>\n\t<meta property=\"og:image:width\" content=\"1774\" \/>\n\t<meta property=\"og:image:height\" content=\"1182\" \/>\n<meta name=\"twitter:card\" content=\"summary_large_image\" \/>\n<meta name=\"twitter:label1\" content=\"Written by\">\n\t<meta name=\"twitter:data1\" content=\"ATA Spain\">\n\t<meta name=\"twitter:label2\" content=\"Estimated reading time\">\n\t<meta name=\"twitter:data2\" content=\"4 minutes\">\n<script type=\"application\/ld+json\" class=\"yoast-schema-graph\">{\"@context\":\"https:\/\/schema.org\",\"@graph\":[{\"@type\":\"Organization\",\"@id\":\"https:\/\/www.ataspain.com\/fr\/#organization\",\"name\":\"ATA Spain: Accountants & Tax Advisors SL\",\"url\":\"https:\/\/www.ataspain.com\/fr\/\",\"sameAs\":[\"https:\/\/www.facebook.com\/Ataspain-461086957358463\"],\"logo\":{\"@type\":\"ImageObject\",\"@id\":\"https:\/\/www.ataspain.com\/fr\/#logo\",\"inLanguage\":\"en-GB\",\"url\":\"https:\/\/www.ataspain.com\/fr\/wp-content\/uploads\/2013\/04\/Accountants-Tax-Advisors-Spain-logo-blue.png\",\"width\":200,\"height\":118,\"caption\":\"ATA Spain: Accountants & Tax Advisors SL\"},\"image\":{\"@id\":\"https:\/\/www.ataspain.com\/fr\/#logo\"}},{\"@type\":\"WebSite\",\"@id\":\"https:\/\/www.ataspain.com\/fr\/#website\",\"url\":\"https:\/\/www.ataspain.com\/fr\/\",\"name\":\"ATA Spain\",\"description\":\"Comptables et conseillers fiscaux SL sont bas\\u00e9s \\u00e0 Marbella sur la Costa del Sol en Espagne\",\"publisher\":{\"@id\":\"https:\/\/www.ataspain.com\/fr\/#organization\"},\"potentialAction\":[{\"@type\":\"SearchAction\",\"target\":\"https:\/\/www.ataspain.com\/fr\/?s={search_term_string}\",\"query-input\":\"required name=search_term_string\"}],\"inLanguage\":\"en-GB\"},{\"@type\":\"ImageObject\",\"@id\":\"https:\/\/www.ataspain.com\/fr\/politique-de-confidentialite\/#primaryimage\",\"inLanguage\":\"en-GB\",\"url\":\"https:\/\/www.ataspain.com\/fr\/wp-content\/uploads\/2011\/01\/financial-papers.jpg\",\"width\":1774,\"height\":1182},{\"@type\":\"WebPage\",\"@id\":\"https:\/\/www.ataspain.com\/fr\/politique-de-confidentialite\/#webpage\",\"url\":\"https:\/\/www.ataspain.com\/fr\/politique-de-confidentialite\/\",\"name\":\"Politique de confidentialit\\u00e9 | ATA Spain\",\"isPartOf\":{\"@id\":\"https:\/\/www.ataspain.com\/fr\/#website\"},\"primaryImageOfPage\":{\"@id\":\"https:\/\/www.ataspain.com\/fr\/politique-de-confidentialite\/#primaryimage\"},\"datePublished\":\"2016-02-23T08:44:27+00:00\",\"dateModified\":\"2020-12-03T22:16:09+00:00\",\"inLanguage\":\"en-GB\",\"potentialAction\":[{\"@type\":\"ReadAction\",\"target\":[\"https:\/\/www.ataspain.com\/fr\/politique-de-confidentialite\/\"]}]}]}<\/script>\n<!-- \/ Yoast SEO plugin. -->","_links":{"self":[{"href":"https:\/\/www.ataspain.com\/fr\/wp-json\/wp\/v2\/pages\/1818"}],"collection":[{"href":"https:\/\/www.ataspain.com\/fr\/wp-json\/wp\/v2\/pages"}],"about":[{"href":"https:\/\/www.ataspain.com\/fr\/wp-json\/wp\/v2\/types\/page"}],"author":[{"embeddable":true,"href":"https:\/\/www.ataspain.com\/fr\/wp-json\/wp\/v2\/users\/1"}],"replies":[{"embeddable":true,"href":"https:\/\/www.ataspain.com\/fr\/wp-json\/wp\/v2\/comments?post=1818"}],"version-history":[{"count":0,"href":"https:\/\/www.ataspain.com\/fr\/wp-json\/wp\/v2\/pages\/1818\/revisions"}],"wp:featuredmedia":[{"embeddable":true,"href":"https:\/\/www.ataspain.com\/fr\/wp-json\/wp\/v2\/media\/1631"}],"wp:attachment":[{"href":"https:\/\/www.ataspain.com\/fr\/wp-json\/wp\/v2\/media?parent=1818"}],"curies":[{"name":"wp","href":"https:\/\/api.w.org\/{rel}","templated":true}]}}